{"id":609,"date":"2023-08-08T05:41:10","date_gmt":"2023-08-08T05:41:10","guid":{"rendered":"https:\/\/kawiil.net\/?page_id=609"},"modified":"2023-08-08T07:16:46","modified_gmt":"2023-08-08T07:16:46","slug":"terminos-y-condiciones","status":"publish","type":"page","link":"https:\/\/kawiil.net\/es\/terminos-y-condiciones\/","title":{"rendered":"T\u00e9rminos y condiciones"},"content":{"rendered":"<div data-elementor-type=\"wp-page\" data-elementor-id=\"609\" class=\"elementor elementor-609\">\n\t\t\t\t\t\t<section class=\"elementor-section elementor-top-section elementor-element elementor-element-f659f57 elementor-section-boxed elementor-section-height-default elementor-section-height-default\" data-id=\"f659f57\" data-element_type=\"section\" data-e-type=\"section\">\n\t\t\t\t\t\t<div class=\"elementor-container elementor-column-gap-default\">\n\t\t\t\t\t<div class=\"elementor-column elementor-col-100 elementor-top-column elementor-element elementor-element-ae50dc3\" data-id=\"ae50dc3\" data-element_type=\"column\" data-e-type=\"column\">\n\t\t\t<div class=\"elementor-widget-wrap elementor-element-populated\">\n\t\t\t\t\t\t<div class=\"elementor-element elementor-element-6552b08 elementor-widget elementor-widget-text-editor\" data-id=\"6552b08\" data-element_type=\"widget\" data-e-type=\"widget\" data-widget_type=\"text-editor.default\">\n\t\t\t\t<div class=\"elementor-widget-container\">\n\t\t\t\t\t\t\t\t\t<p class=\"p1\">General.<\/p>\n<p class=\"p1\">Por favor lea los siguientes t\u00e9rminos y condiciones aplicables a la p\u00e1gina web de kawiil.net. Al acceder a esta p\u00e1gina, acepta todos sus t\u00e9rminos de uso, sin limitaci\u00f3n o criterio alguno.<\/p>\n<p class=\"p1\">Tarifas.<\/p>\n<ul class=\"ul1\">\n<li class=\"li1\">Tarifas publicadas en el sitio web de kawiil glamping se valoran por noche de estad\u00eda.<\/li>\n<li class=\"li1\">Tarifas promocionales o especiales son v\u00e1lidos \u00fanicamente al reservar en l\u00ednea kawiil.net<\/li>\n<li class=\"li1\">Una vez acordado, precios publicados son en moneda nacional (MXN).<\/li>\n<li class=\"li1\">Toda tarifa incluye IVA e impuestos tur\u00edsticos as\u00ed como gubernamentales.<\/li>\n<li class=\"li1\">Detalles de tarifas habitacionales son correctos al momento de publicaci\u00f3n y est\u00e1n sujetos a cambios sin previo aviso.<\/li>\n<\/ul>\n<p class=\"p1\">\u00a0<\/p>\n<p class=\"p1\">Reservaciones.<\/p>\n<ul class=\"ul1\">\n<li class=\"li1\">Reservaciones pueden procesarse en l\u00ednea kawiil.net, por medio de nuestro Call Center o llam\u00e1ndonos directamente al 4881233980.<\/li>\n<li class=\"li1\">El hotel require reservaciones antes de su llegada.<\/li>\n<li class=\"li1\">Reservaciones se consideran confirmadas \u00fanicamente con un Dep\u00f3sito de Garant\u00eda.<\/li>\n<li class=\"li1\">Dudas referentes a reservaciones no se conforman de manera autom\u00e1tica, sino de manera individual con una respuesta dentro de 2 d\u00edas h\u00e1biles.<\/li>\n<\/ul>\n<p class=\"p1\">Check-in\/check-out.<\/p>\n<ul class=\"ul1\">\n<li class=\"li1\">Check-in u hora de entrada es a m\u00e1s tardar a las 4:00 p.m.<\/li>\n<li class=\"li1\">Check-out u hora de salida es a las 12:00 a.m<\/li>\n<li class=\"li1\">Salidas despu\u00e9s de las 12:00 a.m. ser\u00e1n sujetos a un cargo de $500.00 MXN por persona en plan Tarifa Est\u00e1ndar.<\/li>\n<li class=\"li1\">Salidas despu\u00e9s de las 11:00 a.m. ser\u00e1n sujetos a un cargo de $500.00 MXN por habitaci\u00f3n en Tarifa No Reembolsable.<\/li>\n<\/ul>\n<p class=\"p1\">Garant\u00eda deposito.<\/p>\n<ul class=\"ul1\">\n<li class=\"li1\">Se requiere de un dep\u00f3sito equivalente a una noche de estancia, ser\u00e1 cargado al momento de realizar su reservaci\u00f3n.\u00a0 En caso de tener\u00a0 saldo restante deber\u00e1 liquidarse directamente en el hotel, el d\u00eda de su llegada.<\/li>\n<li class=\"li1\">Se requiere de un dep\u00f3sito de seguridad de $3,000.00 MXN, el cual pagara al\u00a0 realizar su check-in, en nuestra oficina asignada.<\/li>\n<li class=\"li1\">El deposito de seguridad se rembolsara al check-out. En caso de perdida o accidente de alg\u00fan objeto del hospedaje se restara el cotos unitario al deposito de seguridad, tambi\u00e9n se utilizara en caso para cubrir cargos adicionales.<\/li>\n<li class=\"li1\">Reservaciones de promoci\u00f3n u oferta especial son sujetas a una Garant\u00eda de Dep\u00f3sito equivalente al cincuenta por ciento de su estad\u00eda, y saldo pendiente a liberarse a su llegada.<\/li>\n<li class=\"li1\">Al hacer el registro de entrada, se requieren una identificaci\u00f3n con foto emitida por el gobierno\u00a0<\/li>\n<\/ul>\n<p class=\"p1\">Pagos.<\/p>\n<ul class=\"ul1\">\n<li class=\"li1\">Se requiere de una tarjeta de cr\u00e9dito\/d\u00e9bito para fijar una reservaci\u00f3n.<\/li>\n<li class=\"li1\">Pagos deber\u00e1n ser canalizados a Kawiil Glamping.<\/li>\n<li class=\"li1\">En caso de proveer detalles de una tarjeta de cr\u00e9dito, haremos uso confidencial de dicha informaci\u00f3n con el \u00fanico prop\u00f3sito de procesar su pago.<\/li>\n<li class=\"li1\">Se requiere de una Garant\u00eda de Dep\u00f3sito (incluye tarifa de habitaci\u00f3n, IVA y cuotas de servicio) al momento de confirmar su reservaci\u00f3n.<\/li>\n<\/ul>\n<p class=\"p1\">Cambios, cancelaci\u00f3nes y pol\u00edticas de no show.<\/p>\n<ul class=\"ul1\">\n<li class=\"li1\">Confirmaci\u00f3n de cambio a alguna reservaci\u00f3n es sujeta a disponibilidad de habitaci\u00f3n.<\/li>\n<li class=\"li1\">Cualquier reserva cancelada o modificada 14 d\u00edas o menos antes de la llegada genera una penalidad de una noche mas impuestos y servicios.<\/li>\n<li class=\"li1\">kawiil reserva el derecho de cargar su tarjeta de cr\u00e9dito con una cuota de cancelaci\u00f3n equivalente al n\u00famero de noches reservadas.<\/li>\n<\/ul>\n<p class=\"p1\">Cuotas de cancelaci\u00f3n se determinan de acuerdo a temporada:<\/p>\n<ul class=\"ul1\">\n<li class=\"li1\">Temporada baja: 10 d\u00edas previos son sujetos a una cuota de cancelaci\u00f3n equivalente a una noches de hospedaje.<\/li>\n<li class=\"li1\">Temporada Alta: 15 d\u00edas previos son sujetos a una cuota de cancelaci\u00f3n equivalente al hospedaje completo, por cada habitaci\u00f3n\u00a0<\/li>\n<\/ul>\n<p class=\"p1\">Nuestras temporadas.<\/p>\n<p class=\"p1\">Temporadas pa reservaciones son:<\/p>\n<p class=\"p1\">Temporada alta.<\/p>\n<ul class=\"ul1\">\n<li class=\"li1\">Agosto<\/li>\n<li class=\"li1\">Septiembre<\/li>\n<li class=\"li1\">Octubre<\/li>\n<li class=\"li1\">Noviembre<\/li>\n<li class=\"li1\">Diciembre<\/li>\n<li class=\"li1\">Enero<\/li>\n<li class=\"li1\">Febrero<\/li>\n<li class=\"li1\">Marzo<\/li>\n<li class=\"li1\">Abril<\/li>\n<\/ul>\n<p class=\"p1\">Temporada baja.<\/p>\n<ul class=\"ul1\">\n<li class=\"li1\">Mayo<\/li>\n<li class=\"li1\">Junio<\/li>\n<li class=\"li1\">Julio<\/li>\n<\/ul>\n<p class=\"p1\">Estancias m\u00ednimas y tarifas de renta.<\/p>\n<ul class=\"ul1\">\n<li class=\"li1\">Temporada Baja: 1 noche<\/li>\n<li class=\"li1\">Temporada Alta: 1 noches<\/li>\n<li class=\"li1\">Se aplicar\u00e1 un cargo completo a no shows y cancelaciones realizadas el d\u00eda de confirmado como entrada.<\/li>\n<li class=\"li1\">Se aplicar\u00e1 un cargo completo a hospedajes cortos o incompletos.<\/li>\n<li class=\"li1\">La pol\u00edtica de cancelaci\u00f3n no es v\u00e1lida para promociones especiales no-reembolsables.<\/li>\n<\/ul>\n<p class=\"p1\">Servicios de kawiil.<\/p>\n<ul class=\"ul1\">\n<li class=\"li1\">Algunos de los servicios dentro del glamping son gratuitos mientras que otros requieren de una cuota m\u00ednima. Por favor confirme al reservar o cont\u00e1ctenos con el fin de evitar confusi\u00f3n.<\/li>\n<li class=\"li1\">El glamping no es y no ser\u00e1 responsable por cualquier p\u00e9rdida o da\u00f1o a los bienes de propiedad o bajo la custodia del Cliente o sus clientes, empleados, agentes o contratistas o los proveedores externos.\u00a0<\/li>\n<li class=\"li1\">Se permiten mascotas.<\/li>\n<\/ul>\n<p class=\"p1\">Restricciones.<\/p>\n<p class=\"p1\">Kawiil glamping es un hospedaje familiar.<br \/>No se permite ingresar a los glamping:<\/p>\n<ul class=\"ul1\">\n<li class=\"li1\">Zapatos.<\/li>\n<li class=\"li1\">Cigarrillos encendidos.<\/li>\n<li class=\"li1\">realizar fogatas a una distancia mayor a 3 metros de cada glamping.<\/li>\n<\/ul>\n<p class=\"p1\">Kawiil glamping se reserva el derecho de eliminar y\/o confiscar cualquiera de los art\u00edculos mencionados si se encuentra dentro de cualquier habitaci\u00f3n de manera inmediata sin previo aviso y de cobrarle por los costos incurridos para tomar esa medida.<\/p>\n<p class=\"p1\">Comportamiento del Hu\u00e9sped Se espera que se comporte de una manera ordenada y aceptable en todo momento y no perturbar el goce de los dem\u00e1s Hu\u00e9spedes. Nos reservamos el derecho de terminar inmediatamente su reserva y la reserva de los miembros de su grupo si lleg\u00e1ramos (actuando razonablemente) a considerar su conducta como una infracci\u00f3n de esta cl\u00e1usula.<\/p>\n<p class=\"p1\">Las conductas que consideramos razonablemente inapropiadas incluyen, pero no se limitan a:<\/p>\n<ul class=\"ul1\">\n<li class=\"li1\">Niveles inapropiados de ruido o disturbios.<\/li>\n<li class=\"li1\">Estado de ebriedad o comportamiento rebelde.<\/li>\n<li class=\"li1\">Cualquier comportamiento que parezca ofensivo a otros Hu\u00e9spedes o colaboradores.<\/li>\n<\/ul>\n<p class=\"p1\">En todo momento actuaremos razonable al tomar cualquier determinaci\u00f3n en virtud de la presente cl\u00e1usula.<\/p>\n<p class=\"p1\">En caso de que cancelemos su reserva, usted ser\u00e1 obligado a abandonar su alojamiento inmediatamente. Ser\u00e1 responsable de cualquier da\u00f1o o p\u00e9rdida causado por usted o un miembro de su grupo. El pago total por cualquier da\u00f1o o p\u00e9rdida debe ser pagado antes de su partida. Si usted no puede hacer el pago, usted ser\u00e1 responsable del cumplimiento de cualquier reclamo (incluyendo costos legales) realizadas con posterioridad en contra de nosotros como resultado de sus acciones junto con todos los gastos en los que incurrimos en la b\u00fasqueda de cualquier demanda en su contra.<\/p>\n<p class=\"p1\">Nuestras obligaciones hacia usted culminan cuando la reserva se termina. No tendremos ninguna obligaci\u00f3n con el reembolso para el alojamiento perdido y no somos responsables por los gastos o costos incurridos como resultado de la terminaci\u00f3n.<\/p>\n<p class=\"p1\"><i>Estos t\u00e9rminos y Condiciones se regir\u00e1n e interpretar\u00e1n de acuerdo con las leyes de M\u00e9xico<\/i><\/p>\n<p class=\"p1\">\u00a0<\/p>\t\t\t\t\t\t\t\t<\/div>\n\t\t\t\t<\/div>\n\t\t\t\t\t<\/div>\n\t\t<\/div>\n\t\t\t\t\t<\/div>\n\t\t<\/section>\n\t\t\t\t<\/div>","protected":false},"excerpt":{"rendered":"<p>General. Por favor lea los siguientes t\u00e9rminos y condiciones aplicables a la p\u00e1gina web de kawiil.net. Al acceder a esta p\u00e1gina, acepta todos sus t\u00e9rminos de uso, sin limitaci\u00f3n o criterio alguno. Tarifas. Tarifas publicadas en el sitio web de kawiil glamping se valoran por noche de estad\u00eda. Tarifas promocionales o especiales son v\u00e1lidos \u00fanicamente [&hellip;]<\/p>","protected":false},"author":1,"featured_media":0,"parent":0,"menu_order":0,"comment_status":"closed","ping_status":"closed","template":"","meta":{"site-sidebar-layout":"default","site-content-layout":"","ast-site-content-layout":"","site-content-style":"default","site-sidebar-style":"default","ast-global-header-display":"","ast-banner-title-visibility":"","ast-main-header-display":"","ast-hfb-above-header-display":"","ast-hfb-below-header-display":"","ast-hfb-mobile-header-display":"","site-post-title":"","ast-breadcrumbs-content":"","ast-featured-img":"","footer-sml-layout":"","theme-transparent-header-meta":"","adv-header-id-meta":"","stick-header-meta":"","header-above-stick-meta":"","header-main-stick-meta":"","header-below-stick-meta":"","astra-migrate-meta-layouts":"default","ast-page-background-enabled":"default","ast-page-background-meta":{"desktop":{"background-color":"","background-image":"","background-repeat":"repeat","background-position":"center center","background-size":"auto","background-attachment":"scroll","background-type":"","background-media":"","overlay-type":"","overlay-color":"","overlay-opacity":"","overlay-gradient":""},"tablet":{"background-color":"","background-image":"","background-repeat":"repeat","background-position":"center center","background-size":"auto","background-attachment":"scroll","background-type":"","background-media":"","overlay-type":"","overlay-color":"","overlay-opacity":"","overlay-gradient":""},"mobile":{"background-color":"","background-image":"","background-repeat":"repeat","background-position":"center center","background-size":"auto","background-attachment":"scroll","background-type":"","background-media":"","overlay-type":"","overlay-color":"","overlay-opacity":"","overlay-gradient":""}},"ast-content-background-meta":{"desktop":{"background-color":"var(--ast-global-color-5)","background-image":"","background-repeat":"repeat","background-position":"center center","background-size":"auto","background-attachment":"scroll","background-type":"","background-media":"","overlay-type":"","overlay-color":"","overlay-opacity":"","overlay-gradient":""},"tablet":{"background-color":"var(--ast-global-color-5)","background-image":"","background-repeat":"repeat","background-position":"center center","background-size":"auto","background-attachment":"scroll","background-type":"","background-media":"","overlay-type":"","overlay-color":"","overlay-opacity":"","overlay-gradient":""},"mobile":{"background-color":"var(--ast-global-color-5)","background-image":"","background-repeat":"repeat","background-position":"center center","background-size":"auto","background-attachment":"scroll","background-type":"","background-media":"","overlay-type":"","overlay-color":"","overlay-opacity":"","overlay-gradient":""}},"footnotes":""},"class_list":["post-609","page","type-page","status-publish","hentry"],"_links":{"self":[{"href":"https:\/\/kawiil.net\/es\/wp-json\/wp\/v2\/pages\/609","targetHints":{"allow":["GET"]}}],"collection":[{"href":"https:\/\/kawiil.net\/es\/wp-json\/wp\/v2\/pages"}],"about":[{"href":"https:\/\/kawiil.net\/es\/wp-json\/wp\/v2\/types\/page"}],"author":[{"embeddable":true,"href":"https:\/\/kawiil.net\/es\/wp-json\/wp\/v2\/users\/1"}],"replies":[{"embeddable":true,"href":"https:\/\/kawiil.net\/es\/wp-json\/wp\/v2\/comments?post=609"}],"version-history":[{"count":22,"href":"https:\/\/kawiil.net\/es\/wp-json\/wp\/v2\/pages\/609\/revisions"}],"predecessor-version":[{"id":639,"href":"https:\/\/kawiil.net\/es\/wp-json\/wp\/v2\/pages\/609\/revisions\/639"}],"wp:attachment":[{"href":"https:\/\/kawiil.net\/es\/wp-json\/wp\/v2\/media?parent=609"}],"curies":[{"name":"wp","href":"https:\/\/api.w.org\/{rel}","templated":true}]}}